{"id":4621,"date":"2020-01-23T15:53:31","date_gmt":"2020-01-23T15:53:31","guid":{"rendered":"https:\/\/staging.parknfly.ca\/electric-vehicles\/"},"modified":"2023-05-12T21:37:50","modified_gmt":"2023-05-12T21:37:50","slug":"vehicule-electrique","status":"publish","type":"page","link":"https:\/\/staging1.parknfly.ca\/fr\/vehicule-electrique\/","title":{"rendered":"V\u00e9hicule \u00e9lectrique"},"content":{"rendered":"\t\t<div data-elementor-type=\"wp-page\" data-elementor-id=\"4621\" class=\"elementor elementor-4621 elementor-3508\" data-elementor-post-type=\"page\">\n\t\t\t\t\t\t<section class=\"elementor-section elementor-top-section elementor-element elementor-element-dfd3640 elementor-section-height-min-height elementor-section-items-top elementor-section-stretched elementor-section-boxed elementor-section-height-default\" data-id=\"dfd3640\" data-element_type=\"section\" data-settings=\"{&quot;background_background&quot;:&quot;classic&quot;,&quot;stretch_section&quot;:&quot;section-stretched&quot;}\">\n\t\t\t\t\t\t\t<div class=\"elementor-background-overlay\"><\/div>\n\t\t\t\t\t\t\t<div class=\"elementor-container elementor-column-gap-default\">\n\t\t\t\t\t<div class=\"elementor-column elementor-col-100 elementor-top-column elementor-element elementor-element-8a54f1b\" data-id=\"8a54f1b\" data-element_type=\"column\">\n\t\t\t<div class=\"elementor-widget-wrap elementor-element-populated\">\n\t\t\t\t\t\t<section class=\"elementor-section elementor-inner-section elementor-element elementor-element-47a76a2 elementor-section-full_width elementor-section-content-top elementor-section-height-default elementor-section-height-default\" data-id=\"47a76a2\" data-element_type=\"section\">\n\t\t\t\t\t\t<div class=\"elementor-container elementor-column-gap-default\">\n\t\t\t\t\t<div class=\"elementor-column elementor-col-50 elementor-inner-column elementor-element elementor-element-d347ec3\" data-id=\"d347ec3\" data-element_type=\"column\">\n\t\t\t<div class=\"elementor-widget-wrap elementor-element-populated\">\n\t\t\t\t\t\t<div class=\"elementor-element elementor-element-d46c628 elementor-widget elementor-widget-heading\" data-id=\"d46c628\" data-element_type=\"widget\" data-widget_type=\"heading.default\">\n\t\t\t\t<div class=\"elementor-widget-container\">\n\t\t\t<h1 class=\"elementor-heading-title elementor-size-default\">Rechargez votre v\u00e9hicule<\/h1>\t\t<\/div>\n\t\t\t\t<\/div>\n\t\t\t\t<div class=\"elementor-element elementor-element-febc79f elementor-widget elementor-widget-text-editor\" data-id=\"febc79f\" data-element_type=\"widget\" data-widget_type=\"text-editor.default\">\n\t\t\t\t<div class=\"elementor-widget-container\">\n\t\t\t\t\t\t\t<p>Revenez \u00e0 un v\u00e9hicule \u00e9lectrique recharg\u00e9.<\/p>\t\t\t\t\t\t<\/div>\n\t\t\t\t<\/div>\n\t\t\t\t\t<\/div>\n\t\t<\/div>\n\t\t\t\t<div class=\"elementor-column elementor-col-50 elementor-inner-column elementor-element elementor-element-0d78924\" data-id=\"0d78924\" data-element_type=\"column\">\n\t\t\t<div class=\"elementor-widget-wrap\">\n\t\t\t\t\t\t\t<\/div>\n\t\t<\/div>\n\t\t\t\t\t<\/div>\n\t\t<\/section>\n\t\t\t\t\t<\/div>\n\t\t<\/div>\n\t\t\t\t\t<\/div>\n\t\t<\/section>\n\t\t\t\t<section class=\"elementor-section elementor-top-section elementor-element elementor-element-2a56a5f elementor-section-boxed elementor-section-height-default elementor-section-height-default\" data-id=\"2a56a5f\" data-element_type=\"section\" data-settings=\"{&quot;background_background&quot;:&quot;classic&quot;}\">\n\t\t\t\t\t\t<div class=\"elementor-container elementor-column-gap-default\">\n\t\t\t\t\t<div class=\"elementor-column elementor-col-100 elementor-top-column elementor-element elementor-element-7de1fbd\" data-id=\"7de1fbd\" data-element_type=\"column\">\n\t\t\t<div class=\"elementor-widget-wrap elementor-element-populated\">\n\t\t\t\t\t\t<section class=\"elementor-section elementor-inner-section elementor-element elementor-element-7e2a5e5 elementor-section-boxed elementor-section-height-default elementor-section-height-default\" data-id=\"7e2a5e5\" data-element_type=\"section\">\n\t\t\t\t\t\t<div class=\"elementor-container elementor-column-gap-default\">\n\t\t\t\t\t<div class=\"elementor-column elementor-col-50 elementor-inner-column elementor-element elementor-element-6bffead\" data-id=\"6bffead\" data-element_type=\"column\">\n\t\t\t<div class=\"elementor-widget-wrap elementor-element-populated\">\n\t\t\t\t\t\t<div class=\"elementor-element elementor-element-e869a7c elementor-widget elementor-widget-text-editor\" data-id=\"e869a7c\" data-element_type=\"widget\" data-widget_type=\"text-editor.default\">\n\t\t\t\t<div class=\"elementor-widget-container\">\n\t\t\t\t\t\t\t<p>Park\u2019N Fly est heureuse de vous offrir gratuitement les services de recharge \u00e9lectrique, disponibles \u00e0 tous nos emplacements de stationnement Valet.<\/p><p>Lors de l\u2019enregistrement* dans nos emplacements de stationnement Valet de Vancouver, de Winnipeg, de Toronto et de Montr\u00e9al, demandez le service de recharge gratuit. Lors de votre retour de voyage, un v\u00e9hicule recharg\u00e9 vous attendra.<\/p>\t\t\t\t\t\t<\/div>\n\t\t\t\t<\/div>\n\t\t\t\t\t<\/div>\n\t\t<\/div>\n\t\t\t\t<div class=\"elementor-column elementor-col-50 elementor-inner-column elementor-element elementor-element-2fd6217 elementor-hidden-tablet elementor-hidden-phone\" data-id=\"2fd6217\" data-element_type=\"column\">\n\t\t\t<div class=\"elementor-widget-wrap\">\n\t\t\t\t\t\t\t<\/div>\n\t\t<\/div>\n\t\t\t\t\t<\/div>\n\t\t<\/section>\n\t\t\t\t<section class=\"elementor-section elementor-inner-section elementor-element elementor-element-33cf023 elementor-section-boxed elementor-section-height-default elementor-section-height-default\" data-id=\"33cf023\" data-element_type=\"section\">\n\t\t\t\t\t\t<div class=\"elementor-container elementor-column-gap-default\">\n\t\t\t\t\t<div class=\"elementor-column elementor-col-50 elementor-inner-column elementor-element elementor-element-5775960\" data-id=\"5775960\" data-element_type=\"column\">\n\t\t\t<div class=\"elementor-widget-wrap elementor-element-populated\">\n\t\t\t\t\t\t<div class=\"elementor-element elementor-element-b5381d9 elementor-widget elementor-widget-image\" data-id=\"b5381d9\" data-element_type=\"widget\" data-widget_type=\"image.default\">\n\t\t\t\t<div class=\"elementor-widget-container\">\n\t\t\t\t\t\t\t\t\t\t\t\t\t\t<a href=\"https:\/\/www.plugndrive.ca\/\" target=\"_blank\">\n\t\t\t\t\t\t\t<img fetchpriority=\"high\" decoding=\"async\" width=\"500\" height=\"500\" src=\"https:\/\/staging1.parknfly.ca\/wp-content\/uploads\/2020\/01\/Logo-Plug-n-Drive-Logo.png\" class=\"attachment-full size-full wp-image-6496\" alt=\"\" srcset=\"https:\/\/staging1.parknfly.ca\/wp-content\/uploads\/2020\/01\/Logo-Plug-n-Drive-Logo.png 500w, https:\/\/staging1.parknfly.ca\/wp-content\/uploads\/2020\/01\/Logo-Plug-n-Drive-Logo-300x300.png 300w, https:\/\/staging1.parknfly.ca\/wp-content\/uploads\/2020\/01\/Logo-Plug-n-Drive-Logo-150x150.png 150w\" sizes=\"(max-width: 500px) 100vw, 500px\" \/>\t\t\t\t\t\t\t\t<\/a>\n\t\t\t\t\t\t\t\t\t\t\t\t\t<\/div>\n\t\t\t\t<\/div>\n\t\t\t\t<div class=\"elementor-element elementor-element-a2dc0a6 elementor-widget elementor-widget-text-editor\" data-id=\"a2dc0a6\" data-element_type=\"widget\" data-widget_type=\"text-editor.default\">\n\t\t\t\t<div class=\"elementor-widget-container\">\n\t\t\t\t\t\t\t<p>Fier partisan du \u00ab Plug \u2019N Drive \u00bb<\/p>\t\t\t\t\t\t<\/div>\n\t\t\t\t<\/div>\n\t\t\t\t\t<\/div>\n\t\t<\/div>\n\t\t\t\t<div class=\"elementor-column elementor-col-50 elementor-inner-column elementor-element elementor-element-077da66 elementor-hidden-tablet elementor-hidden-phone\" data-id=\"077da66\" data-element_type=\"column\">\n\t\t\t<div class=\"elementor-widget-wrap\">\n\t\t\t\t\t\t\t<\/div>\n\t\t<\/div>\n\t\t\t\t\t<\/div>\n\t\t<\/section>\n\t\t\t\t\t<\/div>\n\t\t<\/div>\n\t\t\t\t\t<\/div>\n\t\t<\/section>\n\t\t\t\t<section class=\"elementor-section elementor-top-section elementor-element elementor-element-2c9ed99 elementor-section-boxed elementor-section-height-default elementor-section-height-default\" data-id=\"2c9ed99\" data-element_type=\"section\" data-settings=\"{&quot;background_background&quot;:&quot;classic&quot;}\">\n\t\t\t\t\t\t<div class=\"elementor-container elementor-column-gap-default\">\n\t\t\t\t\t<div class=\"elementor-column elementor-col-100 elementor-top-column elementor-element elementor-element-2a7cd7c\" data-id=\"2a7cd7c\" data-element_type=\"column\">\n\t\t\t<div class=\"elementor-widget-wrap elementor-element-populated\">\n\t\t\t\t\t\t<section class=\"elementor-section elementor-inner-section elementor-element elementor-element-068d060 elementor-section-boxed elementor-section-height-default elementor-section-height-default\" data-id=\"068d060\" data-element_type=\"section\">\n\t\t\t\t\t\t<div class=\"elementor-container elementor-column-gap-default\">\n\t\t\t\t\t<div class=\"elementor-column elementor-col-50 elementor-inner-column elementor-element elementor-element-899b414\" data-id=\"899b414\" data-element_type=\"column\">\n\t\t\t<div class=\"elementor-widget-wrap elementor-element-populated\">\n\t\t\t\t\t\t<div class=\"elementor-element elementor-element-0453dbb elementor-widget elementor-widget-text-editor\" data-id=\"0453dbb\" data-element_type=\"widget\" data-widget_type=\"text-editor.default\">\n\t\t\t\t<div class=\"elementor-widget-container\">\n\t\t\t\t\t\t\t* Le service de recharge doit \u00eatre demand\u00e9 lors de l\u2019enregistrement. Les emplacements s\u00e9lectionn\u00e9s seulement. Selon la disponibilit\u00e9.\t\t\t\t\t\t<\/div>\n\t\t\t\t<\/div>\n\t\t\t\t\t<\/div>\n\t\t<\/div>\n\t\t\t\t<div class=\"elementor-column elementor-col-50 elementor-inner-column elementor-element elementor-element-e8aee19 elementor-hidden-tablet elementor-hidden-phone\" data-id=\"e8aee19\" data-element_type=\"column\">\n\t\t\t<div class=\"elementor-widget-wrap\">\n\t\t\t\t\t\t\t<\/div>\n\t\t<\/div>\n\t\t\t\t\t<\/div>\n\t\t<\/section>\n\t\t\t\t\t<\/div>\n\t\t<\/div>\n\t\t\t\t\t<\/div>\n\t\t<\/section>\n\t\t\t\t<\/div>\n\t\t","protected":false},"excerpt":{"rendered":"<p>Rechargez votre v\u00e9hicule Revenez \u00e0 un v\u00e9hicule \u00e9lectrique recharg\u00e9. Park\u2019N Fly est heureuse de vous offrir gratuitement les services de recharge \u00e9lectrique, disponibles \u00e0 tous nos emplacements de stationnement Valet. Lors de l\u2019enregistrement* dans nos emplacements de stationnement Valet de Vancouver, de Winnipeg, de Toronto et de Montr\u00e9al, demandez le service de recharge gratuit. Lors &hellip; <a href=\"https:\/\/staging1.parknfly.ca\/fr\/vehicule-electrique\/\">Continuer<\/a><\/p>\n","protected":false},"author":4,"featured_media":0,"parent":0,"menu_order":0,"comment_status":"closed","ping_status":"closed","template":"","meta":{"_acf_changed":false,"_monsterinsights_skip_tracking":false,"_monsterinsights_sitenote_active":false,"_monsterinsights_sitenote_note":"","_monsterinsights_sitenote_category":0,"footnotes":""},"yst_prominent_words":[2689,1458,2669,3739,2662,1429,3747,2676,2648,2696,3732,2655,1423,1387,3767,3753,2683,3740,3725,3760],"class_list":["post-4621","page","type-page","status-publish","hentry"],"acf":[],"_links":{"self":[{"href":"https:\/\/staging1.parknfly.ca\/fr\/wp-json\/wp\/v2\/pages\/4621","targetHints":{"allow":["GET"]}}],"collection":[{"href":"https:\/\/staging1.parknfly.ca\/fr\/wp-json\/wp\/v2\/pages"}],"about":[{"href":"https:\/\/staging1.parknfly.ca\/fr\/wp-json\/wp\/v2\/types\/page"}],"author":[{"embeddable":true,"href":"https:\/\/staging1.parknfly.ca\/fr\/wp-json\/wp\/v2\/users\/4"}],"replies":[{"embeddable":true,"href":"https:\/\/staging1.parknfly.ca\/fr\/wp-json\/wp\/v2\/comments?post=4621"}],"version-history":[{"count":16,"href":"https:\/\/staging1.parknfly.ca\/fr\/wp-json\/wp\/v2\/pages\/4621\/revisions"}],"predecessor-version":[{"id":20098,"href":"https:\/\/staging1.parknfly.ca\/fr\/wp-json\/wp\/v2\/pages\/4621\/revisions\/20098"}],"wp:attachment":[{"href":"https:\/\/staging1.parknfly.ca\/fr\/wp-json\/wp\/v2\/media?parent=4621"}],"wp:term":[{"taxonomy":"yst_prominent_words","embeddable":true,"href":"https:\/\/staging1.parknfly.ca\/fr\/wp-json\/wp\/v2\/yst_prominent_words?post=4621"}],"curies":[{"name":"wp","href":"https:\/\/api.w.org\/{rel}","templated":true}]}}